{"id":173,"date":"2026-03-06T10:32:39","date_gmt":"2026-03-06T10:32:39","guid":{"rendered":"https:\/\/nordcar.fo\/about-us\/"},"modified":"2026-03-09T22:41:30","modified_gmt":"2026-03-09T22:41:30","slug":"about-us","status":"publish","type":"page","link":"https:\/\/nordcar.fo\/da\/about-us\/","title":{"rendered":"Om os"},"content":{"rendered":"","protected":false},"excerpt":{"rendered":"","protected":false},"author":0,"featured_media":0,"parent":0,"menu_order":0,"comment_status":"closed","ping_status":"closed","template":"page-about-us.php","meta":{"_acf_changed":false,"footnotes":""},"class_list":["post-173","page","type-page","status-publish","hentry"],"acf":[],"yoast_head":"<!-- This site is optimized with the Yoast SEO plugin v27.1.1 - https:\/\/yoast.com\/product\/yoast-seo-wordpress\/ -->\n<title>Om os - Nordcar<\/title>\n<meta name=\"description\" content=\"L\u00e6s om Nordcar \u2013 F\u00e6r\u00f8ernes betroede biludlejningsfirma siden 2009. Lokal ekspertise, moderne bilfl\u00e5de og personlig service.\" \/>\n<meta name=\"robots\" content=\"index, follow, max-snippet:-1, max-image-preview:large, max-video-preview:-1\" \/>\n<link rel=\"canonical\" href=\"https:\/\/nordcar.fo\/da\/about-us\/\" \/>\n<meta property=\"og:locale\" content=\"da_DK\" \/>\n<meta property=\"og:type\" content=\"article\" \/>\n<meta property=\"og:title\" content=\"Om os - Nordcar\" \/>\n<meta property=\"og:description\" content=\"L\u00e6s om Nordcar \u2013 F\u00e6r\u00f8ernes betroede biludlejningsfirma siden 2009. Lokal ekspertise, moderne bilfl\u00e5de og personlig service.\" \/>\n<meta property=\"og:url\" content=\"https:\/\/nordcar.fo\/da\/about-us\/\" \/>\n<meta property=\"og:site_name\" content=\"Nordcar\" \/>\n<meta property=\"article:modified_time\" content=\"2026-03-09T22:41:30+00:00\" \/>\n<meta name=\"twitter:card\" content=\"summary_large_image\" \/>\n<script type=\"application\/ld+json\" class=\"yoast-schema-graph\">{\"@context\":\"https:\/\/schema.org\",\"@graph\":[{\"@type\":\"WebPage\",\"@id\":\"https:\/\/nordcar.fo\/da\/about-us\/\",\"url\":\"https:\/\/nordcar.fo\/da\/about-us\/\",\"name\":\"Om os - Nordcar\",\"isPartOf\":{\"@id\":\"https:\/\/nordcar.fo\/#website\"},\"datePublished\":\"2026-03-06T10:32:39+00:00\",\"dateModified\":\"2026-03-09T22:41:30+00:00\",\"description\":\"L\u00e6s om Nordcar \u2013 F\u00e6r\u00f8ernes betroede biludlejningsfirma siden 2009. Lokal ekspertise, moderne bilfl\u00e5de og personlig service.\",\"breadcrumb\":{\"@id\":\"https:\/\/nordcar.fo\/da\/about-us\/#breadcrumb\"},\"inLanguage\":\"da-DK\",\"potentialAction\":[{\"@type\":\"ReadAction\",\"target\":[\"https:\/\/nordcar.fo\/da\/about-us\/\"]}]},{\"@type\":\"BreadcrumbList\",\"@id\":\"https:\/\/nordcar.fo\/da\/about-us\/#breadcrumb\",\"itemListElement\":[{\"@type\":\"ListItem\",\"position\":1,\"name\":\"Home\",\"item\":\"https:\/\/nordcar.fo\/da\/home\/\"},{\"@type\":\"ListItem\",\"position\":2,\"name\":\"Om os\"}]},{\"@type\":\"WebSite\",\"@id\":\"https:\/\/nordcar.fo\/#website\",\"url\":\"https:\/\/nordcar.fo\/\",\"name\":\"Nordcar\",\"description\":\"\",\"potentialAction\":[{\"@type\":\"SearchAction\",\"target\":{\"@type\":\"EntryPoint\",\"urlTemplate\":\"https:\/\/nordcar.fo\/?s={search_term_string}\"},\"query-input\":{\"@type\":\"PropertyValueSpecification\",\"valueRequired\":true,\"valueName\":\"search_term_string\"}}],\"inLanguage\":\"da-DK\"}]}<\/script>\n<!-- \/ Yoast SEO plugin. -->","yoast_head_json":{"title":"Om os - Nordcar","description":"L\u00e6s om Nordcar \u2013 F\u00e6r\u00f8ernes betroede biludlejningsfirma siden 2009. Lokal ekspertise, moderne bilfl\u00e5de og personlig service.","robots":{"index":"index","follow":"follow","max-snippet":"max-snippet:-1","max-image-preview":"max-image-preview:large","max-video-preview":"max-video-preview:-1"},"canonical":"https:\/\/nordcar.fo\/da\/about-us\/","og_locale":"da_DK","og_type":"article","og_title":"Om os - Nordcar","og_description":"L\u00e6s om Nordcar \u2013 F\u00e6r\u00f8ernes betroede biludlejningsfirma siden 2009. Lokal ekspertise, moderne bilfl\u00e5de og personlig service.","og_url":"https:\/\/nordcar.fo\/da\/about-us\/","og_site_name":"Nordcar","article_modified_time":"2026-03-09T22:41:30+00:00","twitter_card":"summary_large_image","schema":{"@context":"https:\/\/schema.org","@graph":[{"@type":"WebPage","@id":"https:\/\/nordcar.fo\/da\/about-us\/","url":"https:\/\/nordcar.fo\/da\/about-us\/","name":"Om os - Nordcar","isPartOf":{"@id":"https:\/\/nordcar.fo\/#website"},"datePublished":"2026-03-06T10:32:39+00:00","dateModified":"2026-03-09T22:41:30+00:00","description":"L\u00e6s om Nordcar \u2013 F\u00e6r\u00f8ernes betroede biludlejningsfirma siden 2009. Lokal ekspertise, moderne bilfl\u00e5de og personlig service.","breadcrumb":{"@id":"https:\/\/nordcar.fo\/da\/about-us\/#breadcrumb"},"inLanguage":"da-DK","potentialAction":[{"@type":"ReadAction","target":["https:\/\/nordcar.fo\/da\/about-us\/"]}]},{"@type":"BreadcrumbList","@id":"https:\/\/nordcar.fo\/da\/about-us\/#breadcrumb","itemListElement":[{"@type":"ListItem","position":1,"name":"Home","item":"https:\/\/nordcar.fo\/da\/home\/"},{"@type":"ListItem","position":2,"name":"Om os"}]},{"@type":"WebSite","@id":"https:\/\/nordcar.fo\/#website","url":"https:\/\/nordcar.fo\/","name":"Nordcar","description":"","potentialAction":[{"@type":"SearchAction","target":{"@type":"EntryPoint","urlTemplate":"https:\/\/nordcar.fo\/?s={search_term_string}"},"query-input":{"@type":"PropertyValueSpecification","valueRequired":true,"valueName":"search_term_string"}}],"inLanguage":"da-DK"}]}},"_links":{"self":[{"href":"https:\/\/nordcar.fo\/da\/wp-json\/wp\/v2\/pages\/173","targetHints":{"allow":["GET"]}}],"collection":[{"href":"https:\/\/nordcar.fo\/da\/wp-json\/wp\/v2\/pages"}],"about":[{"href":"https:\/\/nordcar.fo\/da\/wp-json\/wp\/v2\/types\/page"}],"replies":[{"embeddable":true,"href":"https:\/\/nordcar.fo\/da\/wp-json\/wp\/v2\/comments?post=173"}],"version-history":[{"count":1,"href":"https:\/\/nordcar.fo\/da\/wp-json\/wp\/v2\/pages\/173\/revisions"}],"predecessor-version":[{"id":368,"href":"https:\/\/nordcar.fo\/da\/wp-json\/wp\/v2\/pages\/173\/revisions\/368"}],"wp:attachment":[{"href":"https:\/\/nordcar.fo\/da\/wp-json\/wp\/v2\/media?parent=173"}],"curies":[{"name":"wp","href":"https:\/\/api.w.org\/{rel}","templated":true}]}}