{"id":197,"date":"2026-03-06T10:32:41","date_gmt":"2026-03-06T10:32:41","guid":{"rendered":"https:\/\/nordcar.fo\/safe-travel\/"},"modified":"2026-03-09T22:38:51","modified_gmt":"2026-03-09T22:38:51","slug":"safe-travel","status":"publish","type":"page","link":"https:\/\/nordcar.fo\/da\/safe-travel\/","title":{"rendered":"Sikker rejse"},"content":{"rendered":"","protected":false},"excerpt":{"rendered":"","protected":false},"author":0,"featured_media":0,"parent":0,"menu_order":0,"comment_status":"closed","ping_status":"closed","template":"","meta":{"_acf_changed":false,"footnotes":""},"class_list":["post-197","page","type-page","status-publish","hentry"],"acf":[],"yoast_head":"<!-- This site is optimized with the Yoast SEO plugin v27.1.1 - https:\/\/yoast.com\/product\/yoast-seo-wordpress\/ -->\n<title>Sikker rejse - Nordcar<\/title>\n<meta name=\"description\" content=\"Rejs sikkert, mens De udforsker F\u00e6r\u00f8erne. Vejrtips, n\u00f8dnumre og praktiske r\u00e5d til en bekymringsfri roadtrip.\" \/>\n<meta name=\"robots\" content=\"index, follow, max-snippet:-1, max-image-preview:large, max-video-preview:-1\" \/>\n<link rel=\"canonical\" href=\"https:\/\/nordcar.fo\/da\/safe-travel\/\" \/>\n<meta property=\"og:locale\" content=\"da_DK\" \/>\n<meta property=\"og:type\" content=\"article\" \/>\n<meta property=\"og:title\" content=\"Sikker rejse - Nordcar\" \/>\n<meta property=\"og:description\" content=\"Rejs sikkert, mens De udforsker F\u00e6r\u00f8erne. Vejrtips, n\u00f8dnumre og praktiske r\u00e5d til en bekymringsfri roadtrip.\" \/>\n<meta property=\"og:url\" content=\"https:\/\/nordcar.fo\/da\/safe-travel\/\" \/>\n<meta property=\"og:site_name\" content=\"Nordcar\" \/>\n<meta property=\"article:modified_time\" content=\"2026-03-09T22:38:51+00:00\" \/>\n<meta name=\"twitter:card\" content=\"summary_large_image\" \/>\n<script type=\"application\/ld+json\" class=\"yoast-schema-graph\">{\"@context\":\"https:\/\/schema.org\",\"@graph\":[{\"@type\":\"WebPage\",\"@id\":\"https:\/\/nordcar.fo\/da\/safe-travel\/\",\"url\":\"https:\/\/nordcar.fo\/da\/safe-travel\/\",\"name\":\"Sikker rejse - Nordcar\",\"isPartOf\":{\"@id\":\"https:\/\/nordcar.fo\/#website\"},\"datePublished\":\"2026-03-06T10:32:41+00:00\",\"dateModified\":\"2026-03-09T22:38:51+00:00\",\"description\":\"Rejs sikkert, mens De udforsker F\u00e6r\u00f8erne. Vejrtips, n\u00f8dnumre og praktiske r\u00e5d til en bekymringsfri roadtrip.\",\"breadcrumb\":{\"@id\":\"https:\/\/nordcar.fo\/da\/safe-travel\/#breadcrumb\"},\"inLanguage\":\"da-DK\",\"potentialAction\":[{\"@type\":\"ReadAction\",\"target\":[\"https:\/\/nordcar.fo\/da\/safe-travel\/\"]}]},{\"@type\":\"BreadcrumbList\",\"@id\":\"https:\/\/nordcar.fo\/da\/safe-travel\/#breadcrumb\",\"itemListElement\":[{\"@type\":\"ListItem\",\"position\":1,\"name\":\"Home\",\"item\":\"https:\/\/nordcar.fo\/da\/home\/\"},{\"@type\":\"ListItem\",\"position\":2,\"name\":\"Sikker rejse\"}]},{\"@type\":\"WebSite\",\"@id\":\"https:\/\/nordcar.fo\/#website\",\"url\":\"https:\/\/nordcar.fo\/\",\"name\":\"Nordcar\",\"description\":\"\",\"potentialAction\":[{\"@type\":\"SearchAction\",\"target\":{\"@type\":\"EntryPoint\",\"urlTemplate\":\"https:\/\/nordcar.fo\/?s={search_term_string}\"},\"query-input\":{\"@type\":\"PropertyValueSpecification\",\"valueRequired\":true,\"valueName\":\"search_term_string\"}}],\"inLanguage\":\"da-DK\"}]}<\/script>\n<!-- \/ Yoast SEO plugin. -->","yoast_head_json":{"title":"Sikker rejse - Nordcar","description":"Rejs sikkert, mens De udforsker F\u00e6r\u00f8erne. Vejrtips, n\u00f8dnumre og praktiske r\u00e5d til en bekymringsfri roadtrip.","robots":{"index":"index","follow":"follow","max-snippet":"max-snippet:-1","max-image-preview":"max-image-preview:large","max-video-preview":"max-video-preview:-1"},"canonical":"https:\/\/nordcar.fo\/da\/safe-travel\/","og_locale":"da_DK","og_type":"article","og_title":"Sikker rejse - Nordcar","og_description":"Rejs sikkert, mens De udforsker F\u00e6r\u00f8erne. Vejrtips, n\u00f8dnumre og praktiske r\u00e5d til en bekymringsfri roadtrip.","og_url":"https:\/\/nordcar.fo\/da\/safe-travel\/","og_site_name":"Nordcar","article_modified_time":"2026-03-09T22:38:51+00:00","twitter_card":"summary_large_image","schema":{"@context":"https:\/\/schema.org","@graph":[{"@type":"WebPage","@id":"https:\/\/nordcar.fo\/da\/safe-travel\/","url":"https:\/\/nordcar.fo\/da\/safe-travel\/","name":"Sikker rejse - Nordcar","isPartOf":{"@id":"https:\/\/nordcar.fo\/#website"},"datePublished":"2026-03-06T10:32:41+00:00","dateModified":"2026-03-09T22:38:51+00:00","description":"Rejs sikkert, mens De udforsker F\u00e6r\u00f8erne. Vejrtips, n\u00f8dnumre og praktiske r\u00e5d til en bekymringsfri roadtrip.","breadcrumb":{"@id":"https:\/\/nordcar.fo\/da\/safe-travel\/#breadcrumb"},"inLanguage":"da-DK","potentialAction":[{"@type":"ReadAction","target":["https:\/\/nordcar.fo\/da\/safe-travel\/"]}]},{"@type":"BreadcrumbList","@id":"https:\/\/nordcar.fo\/da\/safe-travel\/#breadcrumb","itemListElement":[{"@type":"ListItem","position":1,"name":"Home","item":"https:\/\/nordcar.fo\/da\/home\/"},{"@type":"ListItem","position":2,"name":"Sikker rejse"}]},{"@type":"WebSite","@id":"https:\/\/nordcar.fo\/#website","url":"https:\/\/nordcar.fo\/","name":"Nordcar","description":"","potentialAction":[{"@type":"SearchAction","target":{"@type":"EntryPoint","urlTemplate":"https:\/\/nordcar.fo\/?s={search_term_string}"},"query-input":{"@type":"PropertyValueSpecification","valueRequired":true,"valueName":"search_term_string"}}],"inLanguage":"da-DK"}]}},"_links":{"self":[{"href":"https:\/\/nordcar.fo\/da\/wp-json\/wp\/v2\/pages\/197","targetHints":{"allow":["GET"]}}],"collection":[{"href":"https:\/\/nordcar.fo\/da\/wp-json\/wp\/v2\/pages"}],"about":[{"href":"https:\/\/nordcar.fo\/da\/wp-json\/wp\/v2\/types\/page"}],"replies":[{"embeddable":true,"href":"https:\/\/nordcar.fo\/da\/wp-json\/wp\/v2\/comments?post=197"}],"version-history":[{"count":1,"href":"https:\/\/nordcar.fo\/da\/wp-json\/wp\/v2\/pages\/197\/revisions"}],"predecessor-version":[{"id":357,"href":"https:\/\/nordcar.fo\/da\/wp-json\/wp\/v2\/pages\/197\/revisions\/357"}],"wp:attachment":[{"href":"https:\/\/nordcar.fo\/da\/wp-json\/wp\/v2\/media?parent=197"}],"curies":[{"name":"wp","href":"https:\/\/api.w.org\/{rel}","templated":true}]}}